{"id":203,"date":"2011-09-14T09:45:02","date_gmt":"2011-09-14T08:45:02","guid":{"rendered":"http:\/\/192.168.9.29\/Development\/TB\/?page_id=203"},"modified":"2019-09-30T17:08:24","modified_gmt":"2019-09-30T16:08:24","slug":"accueil","status":"publish","type":"page","link":"http:\/\/ubiqsystem.fr\/accueil\/","title":{"rendered":"Accueil"},"content":{"rendered":"\t\t<div data-elementor-type=\"wp-post\" data-elementor-id=\"203\" class=\"elementor elementor-203\" data-elementor-settings=\"[]\">\n\t\t\t<div class=\"elementor-inner\">\n\t\t\t\t<div class=\"elementor-section-wrap\">\n\t\t\t\t\t\t\t<section class=\"elementor-element elementor-element-61ed0120 elementor-section-stretched elementor-section-boxed elementor-section-height-default elementor-section-height-default elementor-columns-alignment-fix-enabled elementor-section elementor-top-section\" data-id=\"61ed0120\" data-element_type=\"section\" data-settings=\"{&quot;background_background&quot;:&quot;classic&quot;,&quot;stretch_section&quot;:&quot;section-stretched&quot;,&quot;shape_divider_top&quot;:&quot;opacity-tilt&quot;}\">\n\t\t\t\t\t\t\t<div class=\"elementor-background-overlay\"><\/div>\n\t\t\t\t\t\t<div class=\"elementor-shape elementor-shape-top\" data-negative=\"false\">\n\t\t\t<svg xmlns=\"http:\/\/www.w3.org\/2000\/svg\" viewBox=\"0 0 2600 131.1\" preserveAspectRatio=\"none\">\n\t<path class=\"elementor-shape-fill\" d=\"M0 0L2600 0 2600 69.1 0 0z\"\/>\n\t<path class=\"elementor-shape-fill\" style=\"opacity:0.5\" d=\"M0 0L2600 0 2600 69.1 0 69.1z\"\/>\n\t<path class=\"elementor-shape-fill\" style=\"opacity:0.25\" d=\"M2600 0L0 0 0 130.1 2600 69.1z\"\/>\n<\/svg>\t\t<\/div>\n\t\t\t\t\t<div class=\"elementor-container elementor-column-gap-default\">\n\t\t\t\t<div class=\"elementor-row\">\n\t\t\t\t<div class=\"elementor-element elementor-element-55216b3e elementor-column elementor-col-100 elementor-top-column\" data-id=\"55216b3e\" data-element_type=\"column\">\n\t\t\t<div class=\"elementor-column-wrap  elementor-element-populated\">\n\t\t\t\t\t<div class=\"elementor-widget-wrap\">\n\t\t\t\t<div class=\"elementor-element elementor-element-7f862a15 elementor-widget elementor-widget-text-editor\" data-id=\"7f862a15\" data-element_type=\"widget\" data-widget_type=\"text-editor.default\">\n\t\t\t\t<div class=\"elementor-widget-container\">\n\t\t\t\t\t<div class=\"elementor-text-editor elementor-clearfix\"><p>Depuis 2005, UBIQSYSTEM vous \u00e9quipe en s\u00e9curit\u00e9 \u00e9lectronique.<\/p><p>Parce que les technologies de contr\u00f4le sont aussi une affaire de d\u00e9tails et que chaque probl\u00e9matique est unique, nous prenons soin de vous apporter des solutions adapt\u00e9es et sur mesure, en phase avec les r\u00e9glementations en vigueur.<\/p><p>Nous travaillons avec les plus grands fabricants en vid\u00e9o-protection, anti-intrusion, contr\u00f4le d&#8217;acc\u00e8s, syst\u00e8mes anti-vol, intelligence artificielle, t\u00e9l\u00e9phonie&#8230;<\/p><\/div>\n\t\t\t\t<\/div>\n\t\t\t\t<\/div>\n\t\t\t\t\t\t<\/div>\n\t\t\t<\/div>\n\t\t<\/div>\n\t\t\t\t\t\t<\/div>\n\t\t\t<\/div>\n\t\t<\/section>\n\t\t\t\t<section class=\"elementor-element elementor-element-ecda8ee elementor-section-stretched elementor-section-boxed elementor-section-height-default elementor-section-height-default elementor-columns-alignment-fix-enabled elementor-section elementor-top-section\" data-id=\"ecda8ee\" data-element_type=\"section\" data-settings=\"{&quot;stretch_section&quot;:&quot;section-stretched&quot;,&quot;background_background&quot;:&quot;classic&quot;}\">\n\t\t\t\t\t\t\t<div class=\"elementor-background-overlay\"><\/div>\n\t\t\t\t\t\t\t<div class=\"elementor-container elementor-column-gap-narrow\">\n\t\t\t\t<div class=\"elementor-row\">\n\t\t\t\t<div class=\"elementor-element elementor-element-24a7c43 elementor-column elementor-col-100 elementor-top-column\" data-id=\"24a7c43\" data-element_type=\"column\">\n\t\t\t<div class=\"elementor-column-wrap  elementor-element-populated\">\n\t\t\t\t\t<div class=\"elementor-widget-wrap\">\n\t\t\t\t<div class=\"elementor-element elementor-element-9b0b58a elementor-arrows-position-inside elementor-widget elementor-widget-image-carousel\" data-id=\"9b0b58a\" data-element_type=\"widget\" data-settings=\"{&quot;navigation&quot;:&quot;arrows&quot;,&quot;pause_on_hover&quot;:&quot;yes&quot;,&quot;autoplay&quot;:&quot;yes&quot;,&quot;autoplay_speed&quot;:5000,&quot;infinite&quot;:&quot;yes&quot;,&quot;speed&quot;:500,&quot;direction&quot;:&quot;ltr&quot;}\" data-widget_type=\"image-carousel.default\">\n\t\t\t\t<div class=\"elementor-widget-container\">\n\t\t\t\t\t<div class=\"elementor-image-carousel-wrapper swiper-container\" dir=\"ltr\">\n\t\t\t<div class=\"elementor-image-carousel swiper-wrapper\">\n\t\t\t\t<div class=\"swiper-slide\"><figure class=\"swiper-slide-inner\"><img class=\"swiper-slide-image\" src=\"http:\/\/ubiqsystem.fr\/wp-content\/uploads\/2019\/09\/THOONSEN.png\" alt=\"THOONSEN\" \/><\/figure><\/div><div class=\"swiper-slide\"><figure class=\"swiper-slide-inner\"><img class=\"swiper-slide-image\" src=\"http:\/\/ubiqsystem.fr\/wp-content\/uploads\/2019\/09\/axis-1.png\" alt=\"axis\" \/><\/figure><\/div><div class=\"swiper-slide\"><figure class=\"swiper-slide-inner\"><img class=\"swiper-slide-image\" src=\"http:\/\/ubiqsystem.fr\/wp-content\/uploads\/2019\/09\/bosch-2.png\" alt=\"bosch\" \/><\/figure><\/div><div class=\"swiper-slide\"><figure class=\"swiper-slide-inner\"><img class=\"swiper-slide-image\" src=\"http:\/\/ubiqsystem.fr\/wp-content\/uploads\/2019\/09\/geovision-1.png\" alt=\"geovision\" \/><\/figure><\/div><div class=\"swiper-slide\"><figure class=\"swiper-slide-inner\"><img class=\"swiper-slide-image\" src=\"http:\/\/ubiqsystem.fr\/wp-content\/uploads\/2019\/09\/honeywell.png\" alt=\"honeywell\" \/><\/figure><\/div><div class=\"swiper-slide\"><figure class=\"swiper-slide-inner\"><img class=\"swiper-slide-image\" src=\"http:\/\/ubiqsystem.fr\/wp-content\/uploads\/2019\/09\/teb.png\" alt=\"teb\" \/><\/figure><\/div><div class=\"swiper-slide\"><figure class=\"swiper-slide-inner\"><img class=\"swiper-slide-image\" src=\"http:\/\/ubiqsystem.fr\/wp-content\/uploads\/2019\/09\/siemens.png\" alt=\"siemens\" \/><\/figure><\/div><div class=\"swiper-slide\"><figure class=\"swiper-slide-inner\"><img class=\"swiper-slide-image\" src=\"http:\/\/ubiqsystem.fr\/wp-content\/uploads\/2019\/09\/paradox.png\" alt=\"paradox\" \/><\/figure><\/div><div class=\"swiper-slide\"><figure class=\"swiper-slide-inner\"><img class=\"swiper-slide-image\" src=\"http:\/\/ubiqsystem.fr\/wp-content\/uploads\/2019\/09\/panasoic.png\" alt=\"panasoic\" \/><\/figure><\/div><div class=\"swiper-slide\"><figure class=\"swiper-slide-inner\"><img class=\"swiper-slide-image\" src=\"http:\/\/ubiqsystem.fr\/wp-content\/uploads\/2019\/09\/samsung.png\" alt=\"samsung\" \/><\/figure><\/div>\t\t\t<\/div>\n\t\t\t\t\t\t\t\t\t\t\t\t\t\t\t\t<div class=\"elementor-swiper-button elementor-swiper-button-prev\">\n\t\t\t\t\t\t<i class=\"eicon-chevron-left\" aria-hidden=\"true\"><\/i>\n\t\t\t\t\t\t<span class=\"elementor-screen-only\">Pr\u00e9c\u00e9dent<\/span>\n\t\t\t\t\t<\/div>\n\t\t\t\t\t<div class=\"elementor-swiper-button elementor-swiper-button-next\">\n\t\t\t\t\t\t<i class=\"eicon-chevron-right\" aria-hidden=\"true\"><\/i>\n\t\t\t\t\t\t<span class=\"elementor-screen-only\">Suivant<\/span>\n\t\t\t\t\t<\/div>\n\t\t\t\t\t\t\t\t\t<\/div>\n\t\t\t\t<\/div>\n\t\t\t\t<\/div>\n\t\t\t\t\t\t<\/div>\n\t\t\t<\/div>\n\t\t<\/div>\n\t\t\t\t\t\t<\/div>\n\t\t\t<\/div>\n\t\t<\/section>\n\t\t\t\t<section class=\"elementor-element elementor-element-0da71da elementor-section-content-middle elementor-section-stretched elementor-section-boxed elementor-section-height-default elementor-section-height-default elementor-columns-alignment-fix-enabled elementor-section elementor-top-section\" data-id=\"0da71da\" data-element_type=\"section\" data-settings=\"{&quot;stretch_section&quot;:&quot;section-stretched&quot;,&quot;background_background&quot;:&quot;classic&quot;,&quot;shape_divider_top&quot;:&quot;opacity-tilt&quot;}\">\n\t\t\t\t\t\t\t<div class=\"elementor-background-overlay\"><\/div>\n\t\t\t\t\t\t<div class=\"elementor-shape elementor-shape-top\" data-negative=\"false\">\n\t\t\t<svg xmlns=\"http:\/\/www.w3.org\/2000\/svg\" viewBox=\"0 0 2600 131.1\" preserveAspectRatio=\"none\">\n\t<path class=\"elementor-shape-fill\" d=\"M0 0L2600 0 2600 69.1 0 0z\"\/>\n\t<path class=\"elementor-shape-fill\" style=\"opacity:0.5\" d=\"M0 0L2600 0 2600 69.1 0 69.1z\"\/>\n\t<path class=\"elementor-shape-fill\" style=\"opacity:0.25\" d=\"M2600 0L0 0 0 130.1 2600 69.1z\"\/>\n<\/svg>\t\t<\/div>\n\t\t\t\t\t<div class=\"elementor-container elementor-column-gap-default\">\n\t\t\t\t<div class=\"elementor-row\">\n\t\t\t\t<div class=\"elementor-element elementor-element-46ab776 elementor-column elementor-col-50 elementor-top-column\" data-id=\"46ab776\" data-element_type=\"column\">\n\t\t\t<div class=\"elementor-column-wrap  elementor-element-populated\">\n\t\t\t\t\t<div class=\"elementor-widget-wrap\">\n\t\t\t\t<div class=\"elementor-element elementor-element-c8017f0 elementor-widget__width-initial elementor-absolute elementor-hidden-tablet elementor-hidden-phone elementor-widget elementor-widget-heading\" data-id=\"c8017f0\" data-element_type=\"widget\" data-settings=\"{&quot;_position&quot;:&quot;absolute&quot;}\" data-widget_type=\"heading.default\">\n\t\t\t\t<div class=\"elementor-widget-container\">\n\t\t\t<h3 class=\"elementor-heading-title elementor-size-small\">O\u00f9 sommes nous ?<\/h3>\t\t<\/div>\n\t\t\t\t<\/div>\n\t\t\t\t<div class=\"elementor-element elementor-element-5d0af1a elementor-widget elementor-widget-heading\" data-id=\"5d0af1a\" data-element_type=\"widget\" data-settings=\"{&quot;_animation_mobile&quot;:&quot;none&quot;}\" data-widget_type=\"heading.default\">\n\t\t\t\t<div class=\"elementor-widget-container\">\n\t\t\t<h2 class=\"elementor-heading-title elementor-size-default\">Informations utiles\n<\/h2>\t\t<\/div>\n\t\t\t\t<\/div>\n\t\t\t\t<div class=\"elementor-element elementor-element-97e9580 elementor-widget elementor-widget-text-editor\" data-id=\"97e9580\" data-element_type=\"widget\" data-settings=\"{&quot;_animation_mobile&quot;:&quot;none&quot;}\" data-widget_type=\"text-editor.default\">\n\t\t\t\t<div class=\"elementor-widget-container\">\n\t\t\t\t\t<div class=\"elementor-text-editor elementor-clearfix\"><p>Si\u00e8ge social : 16 rue du Mar\u00e9chal-Juin<br \/>Montigny-Les-Metz CP : 57950<br \/>T\u00e9l : 03 87 62 26 26<br \/>Email: contact@ubiqsystem.fr<\/p><\/div>\n\t\t\t\t<\/div>\n\t\t\t\t<\/div>\n\t\t\t\t<div class=\"elementor-element elementor-element-abe278c elementor-widget elementor-widget-heading\" data-id=\"abe278c\" data-element_type=\"widget\" data-settings=\"{&quot;_animation_mobile&quot;:&quot;none&quot;}\" data-widget_type=\"heading.default\">\n\t\t\t\t<div class=\"elementor-widget-container\">\n\t\t\t<h2 class=\"elementor-heading-title elementor-size-default\">Horaires d'ouverture\n<\/h2>\t\t<\/div>\n\t\t\t\t<\/div>\n\t\t\t\t<div class=\"elementor-element elementor-element-d11e63d elementor-widget elementor-widget-text-editor\" data-id=\"d11e63d\" data-element_type=\"widget\" data-settings=\"{&quot;_animation_mobile&quot;:&quot;none&quot;}\" data-widget_type=\"text-editor.default\">\n\t\t\t\t<div class=\"elementor-widget-container\">\n\t\t\t\t\t<div class=\"elementor-text-editor elementor-clearfix\"><p><b>Du Lundi au Vendredi : 8:30- 12:00<br \/>\u00a0 \u00a0 \u00a0 \u00a0 \u00a0 \u00a0 \u00a0 \u00a0 \u00a0 \u00a0 \u00a0 \u00a0 \u00a0 \u00a0 \u00a0 \u00a0 \u00a0 \u00a0 \u00a0 \u00a014:00 &#8211; 18:00 <br \/><\/b><\/p><\/div>\n\t\t\t\t<\/div>\n\t\t\t\t<\/div>\n\t\t\t\t<div class=\"elementor-element elementor-element-aa2ce68 elementor-align-left elementor-widget elementor-widget-button\" data-id=\"aa2ce68\" data-element_type=\"widget\" data-widget_type=\"button.default\">\n\t\t\t\t<div class=\"elementor-widget-container\">\n\t\t\t\t\t<div class=\"elementor-button-wrapper\">\n\t\t\t<a href=\"http:\/\/ubiqsystem.fr\/site-en-maintenance\/contact\/\" class=\"elementor-button-link elementor-button elementor-size-md\" role=\"button\">\n\t\t\t\t\t\t<span class=\"elementor-button-content-wrapper\">\n\t\t\t\t\t\t<span class=\"elementor-button-icon elementor-align-icon-right\">\n\t\t\t\t<i aria-hidden=\"true\" class=\"fas fa-long-arrow-alt-right\"><\/i>\t\t\t<\/span>\n\t\t\t\t\t\t<span class=\"elementor-button-text\">Nous contacter<\/span>\n\t\t<\/span>\n\t\t\t\t\t<\/a>\n\t\t<\/div>\n\t\t\t\t<\/div>\n\t\t\t\t<\/div>\n\t\t\t\t\t\t<\/div>\n\t\t\t<\/div>\n\t\t<\/div>\n\t\t\t\t<div class=\"elementor-element elementor-element-4adbc07 elementor-column elementor-col-50 elementor-top-column\" data-id=\"4adbc07\" data-element_type=\"column\">\n\t\t\t<div class=\"elementor-column-wrap  elementor-element-populated\">\n\t\t\t\t\t<div class=\"elementor-widget-wrap\">\n\t\t\t\t<div class=\"elementor-element elementor-element-f9d8d02 elementor-widget elementor-widget-image\" data-id=\"f9d8d02\" data-element_type=\"widget\" data-widget_type=\"image.default\">\n\t\t\t\t<div class=\"elementor-widget-container\">\n\t\t\t\t\t<div class=\"elementor-image\">\n\t\t\t\t\t\t\t\t\t\t<img width=\"1280\" height=\"1270\" src=\"http:\/\/ubiqsystem.fr\/wp-content\/uploads\/2019\/09\/carte2frrrr-2.png\" class=\"attachment-full size-full\" alt=\"\" loading=\"lazy\" srcset=\"http:\/\/ubiqsystem.fr\/wp-content\/uploads\/2019\/09\/carte2frrrr-2.png 1280w, http:\/\/ubiqsystem.fr\/wp-content\/uploads\/2019\/09\/carte2frrrr-2-150x150.png 150w, http:\/\/ubiqsystem.fr\/wp-content\/uploads\/2019\/09\/carte2frrrr-2-300x298.png 300w, http:\/\/ubiqsystem.fr\/wp-content\/uploads\/2019\/09\/carte2frrrr-2-768x762.png 768w, http:\/\/ubiqsystem.fr\/wp-content\/uploads\/2019\/09\/carte2frrrr-2-1024x1016.png 1024w, http:\/\/ubiqsystem.fr\/wp-content\/uploads\/2019\/09\/carte2frrrr-2-800x794.png 800w\" sizes=\"(max-width: 1280px) 100vw, 1280px\" \/>\t\t\t\t\t\t\t\t\t\t\t<\/div>\n\t\t\t\t<\/div>\n\t\t\t\t<\/div>\n\t\t\t\t\t\t<\/div>\n\t\t\t<\/div>\n\t\t<\/div>\n\t\t\t\t\t\t<\/div>\n\t\t\t<\/div>\n\t\t<\/section>\n\t\t\t\t<section class=\"elementor-element elementor-element-8ca65a5 elementor-section-boxed elementor-section-height-default elementor-section-height-default elementor-columns-alignment-fix-enabled elementor-section elementor-top-section\" data-id=\"8ca65a5\" data-element_type=\"section\">\n\t\t\t\t\t\t<div class=\"elementor-container elementor-column-gap-default\">\n\t\t\t\t<div class=\"elementor-row\">\n\t\t\t\t<div class=\"elementor-element elementor-element-f5ea633 elementor-column elementor-col-100 elementor-top-column\" data-id=\"f5ea633\" data-element_type=\"column\">\n\t\t\t<div class=\"elementor-column-wrap\">\n\t\t\t\t\t<div class=\"elementor-widget-wrap\">\n\t\t\t\t\t\t<\/div>\n\t\t\t<\/div>\n\t\t<\/div>\n\t\t\t\t\t\t<\/div>\n\t\t\t<\/div>\n\t\t<\/section>\n\t\t\t\t\t\t<\/div>\n\t\t\t<\/div>\n\t\t<\/div>\n\t\t","protected":false},"excerpt":{"rendered":"<p>Depuis 2005, UBIQSYSTEM vous \u00e9quipe en s\u00e9curit\u00e9 \u00e9lectronique. Parce que les technologies de contr\u00f4le sont aussi une affaire de d\u00e9tails et que chaque probl\u00e9matique est unique, nous prenons soin de vous apporter des solutions adapt\u00e9es et sur mesure, en phase avec les r\u00e9glementations en vigueur. Nous travaillons avec les plus grands fabricants en vid\u00e9o-protection, anti-intrusion, contr\u00f4le d'acc\u00e8s, syst\u00e8mes anti-vol, intelligence artificielle, t\u00e9l\u00e9phonie... Pr\u00e9c\u00e9dent Suivant O\u00f9 sommes nous ? Informations utiles Si\u00e8ge social : 16 rue du Mar\u00e9chal-JuinMontigny-Les-Metz CP : 57950T\u00e9l : 03 87 62 26\u2026<\/p>\n","protected":false},"author":1,"featured_media":0,"parent":0,"menu_order":1,"comment_status":"closed","ping_status":"closed","template":"","meta":[],"_links":{"self":[{"href":"http:\/\/ubiqsystem.fr\/accueil\/wp-json\/wp\/v2\/pages\/203"}],"collection":[{"href":"http:\/\/ubiqsystem.fr\/accueil\/wp-json\/wp\/v2\/pages"}],"about":[{"href":"http:\/\/ubiqsystem.fr\/accueil\/wp-json\/wp\/v2\/types\/page"}],"author":[{"embeddable":true,"href":"http:\/\/ubiqsystem.fr\/accueil\/wp-json\/wp\/v2\/users\/1"}],"replies":[{"embeddable":true,"href":"http:\/\/ubiqsystem.fr\/accueil\/wp-json\/wp\/v2\/comments?post=203"}],"version-history":[{"count":180,"href":"http:\/\/ubiqsystem.fr\/accueil\/wp-json\/wp\/v2\/pages\/203\/revisions"}],"predecessor-version":[{"id":3249,"href":"http:\/\/ubiqsystem.fr\/accueil\/wp-json\/wp\/v2\/pages\/203\/revisions\/3249"}],"wp:attachment":[{"href":"http:\/\/ubiqsystem.fr\/accueil\/wp-json\/wp\/v2\/media?parent=203"}],"curies":[{"name":"wp","href":"https:\/\/api.w.org\/{rel}","templated":true}]}}