{"id":2287,"date":"2017-03-06T12:39:42","date_gmt":"2017-03-06T11:39:42","guid":{"rendered":"http:\/\/ubiqsystem.fr\/new\/?page_id=2287"},"modified":"2019-09-27T15:32:47","modified_gmt":"2019-09-27T14:32:47","slug":"contact","status":"publish","type":"page","link":"http:\/\/ubiqsystem.fr\/accueil\/contact\/","title":{"rendered":"Contactez-nous"},"content":{"rendered":"\t\t<div data-elementor-type=\"wp-post\" data-elementor-id=\"2287\" class=\"elementor elementor-2287\" data-elementor-settings=\"[]\">\n\t\t\t<div class=\"elementor-inner\">\n\t\t\t\t<div class=\"elementor-section-wrap\">\n\t\t\t\t\t\t\t<section class=\"elementor-element elementor-element-32c66c5 elementor-section-boxed elementor-section-height-default elementor-section-height-default elementor-columns-alignment-fix-enabled elementor-section elementor-top-section\" data-id=\"32c66c5\" data-element_type=\"section\">\n\t\t\t\t\t\t<div class=\"elementor-container elementor-column-gap-default\">\n\t\t\t\t<div class=\"elementor-row\">\n\t\t\t\t<div class=\"elementor-element elementor-element-3e012d5 elementor-column elementor-col-66 elementor-top-column\" data-id=\"3e012d5\" data-element_type=\"column\">\n\t\t\t<div class=\"elementor-column-wrap  elementor-element-populated\">\n\t\t\t\t\t<div class=\"elementor-widget-wrap\">\n\t\t\t\t<div class=\"elementor-element elementor-element-ad17caa elementor-widget elementor-widget-heading\" data-id=\"ad17caa\" data-element_type=\"widget\" data-widget_type=\"heading.default\">\n\t\t\t\t<div class=\"elementor-widget-container\">\n\t\t\t<h4 class=\"elementor-heading-title elementor-size-default\">FORMULAIRE DE CONTACT<\/h4>\t\t<\/div>\n\t\t\t\t<\/div>\n\t\t\t\t<section class=\"elementor-element elementor-element-50184eb elementor-section-full_width elementor-section-height-default elementor-section-height-default elementor-columns-alignment-fix-enabled elementor-section elementor-inner-section\" data-id=\"50184eb\" data-element_type=\"section\">\n\t\t\t\t\t\t<div class=\"elementor-container elementor-column-gap-default\">\n\t\t\t\t<div class=\"elementor-row\">\n\t\t\t\t<div class=\"elementor-element elementor-element-ae1f138 elementor-column elementor-col-100 elementor-inner-column\" data-id=\"ae1f138\" data-element_type=\"column\">\n\t\t\t<div class=\"elementor-column-wrap  elementor-element-populated\">\n\t\t\t\t\t<div class=\"elementor-widget-wrap\">\n\t\t\t\t<div class=\"elementor-element elementor-element-29032c5 elementor-widget elementor-widget-heading\" data-id=\"29032c5\" data-element_type=\"widget\" data-widget_type=\"heading.default\">\n\t\t\t\t<div class=\"elementor-widget-container\">\n\t\t\t<h2 class=\"elementor-heading-title elementor-size-default\">Contactez-nous !<\/h2>\t\t<\/div>\n\t\t\t\t<\/div>\n\t\t\t\t<div class=\"elementor-element elementor-element-499da19 elementor-widget elementor-widget-divider\" data-id=\"499da19\" data-element_type=\"widget\" data-widget_type=\"divider.default\">\n\t\t\t\t<div class=\"elementor-widget-container\">\n\t\t\t\t\t<div class=\"elementor-divider\">\n\t\t\t<span class=\"elementor-divider-separator\">\n\t\t\t\t\t\t<\/span>\n\t\t<\/div>\n\t\t\t\t<\/div>\n\t\t\t\t<\/div>\n\t\t\t\t<div class=\"elementor-element elementor-element-2dab1c9 elementor-widget elementor-widget-premium-contact-form\" data-id=\"2dab1c9\" data-element_type=\"widget\" data-widget_type=\"premium-contact-form.default\">\n\t\t\t\t<div class=\"elementor-widget-container\">\n\t\t\t\n        <div class=\"premium-elements-contact-form-container premium_border_animation2 \">\n\n\t\t\t<div role=\"form\" class=\"wpcf7\" id=\"wpcf7-f2295-o1\" lang=\"en-US\" dir=\"ltr\">\n<div class=\"screen-reader-response\"><\/div>\n<form action=\"\/accueil\/wp-json\/wp\/v2\/pages\/2287#wpcf7-f2295-o1\" method=\"post\" class=\"wpcf7-form\" enctype=\"multipart\/form-data\" novalidate=\"novalidate\">\n<div style=\"display: none;\">\n<input type=\"hidden\" name=\"_wpcf7\" value=\"2295\" \/>\n<input type=\"hidden\" name=\"_wpcf7_version\" value=\"5.1.4\" \/>\n<input type=\"hidden\" name=\"_wpcf7_locale\" value=\"en_US\" \/>\n<input type=\"hidden\" name=\"_wpcf7_unit_tag\" value=\"wpcf7-f2295-o1\" \/>\n<input type=\"hidden\" name=\"_wpcf7_container_post\" value=\"0\" \/>\n<input type=\"hidden\" name=\"g-recaptcha-response\" value=\"\" \/>\n<\/div>\n<p><label> Votre adresse email : (obligatoire)<br \/>\n    <span class=\"wpcf7-form-control-wrap your-email\"><input type=\"email\" name=\"your-email\" value=\"\" size=\"40\" class=\"wpcf7-form-control wpcf7-text wpcf7-email wpcf7-validates-as-required wpcf7-validates-as-email\" aria-required=\"true\" aria-invalid=\"false\" \/><\/span> <\/label><\/p>\n<p><label> Votre nom : (obligatoire)<br \/>\n    <span class=\"wpcf7-form-control-wrap your-name\"><input type=\"text\" name=\"your-name\" value=\"\" size=\"40\" class=\"wpcf7-form-control wpcf7-text wpcf7-validates-as-required\" aria-required=\"true\" aria-invalid=\"false\" \/><\/span> <\/label><\/p>\n<p><label> Sujet :<br \/>\n    <span class=\"wpcf7-form-control-wrap your-subject\"><input type=\"text\" name=\"your-subject\" value=\"\" size=\"40\" class=\"wpcf7-form-control wpcf7-text\" aria-invalid=\"false\" \/><\/span> <\/label><\/p>\n<p><span class=\"wpcf7-form-control-wrap Piece-jointe\"><input type=\"file\" name=\"Piece-jointe\" size=\"40\" class=\"wpcf7-form-control wpcf7-file\" accept=\".pdf,.jpeg,.jpg,.png,.docx,.doc\" aria-invalid=\"false\" \/><\/span><\/p>\n<p><label> Votre message :<br \/>\n    <span class=\"wpcf7-form-control-wrap your-message\"><textarea name=\"your-message\" cols=\"40\" rows=\"10\" class=\"wpcf7-form-control wpcf7-textarea\" aria-invalid=\"false\"><\/textarea><\/span> <\/label><\/p>\n<p><input type=\"submit\" value=\"ENVOYEZ\" class=\"wpcf7-form-control wpcf7-submit\" \/><\/p>\n<div class=\"wpcf7-response-output wpcf7-display-none\"><\/div><\/form><\/div>        <\/div>\n        <script>\n            jQuery(function($){\n              var linput = jQuery( 'body input[type=\"text\"], body input[type=\"email\"], body textarea , body input[type=\"password\"], body input[type=\"date\"], body input[type=\"number\"], body input[type=\"tel\"], body input[type=\"file\"], body input[type=\"url\"]');\n   linput.wrap(\"<span class='wpcf7-span'>\")\n  \n            var linput = jQuery( 'body input[type=\"text\"], body input[type=\"email\"], body textarea , body input[type=\"password\"], body input[type=\"date\"], body input[type=\"number\"], body input[type=\"tel\"], body input[type=\"file\"], body input[type=\"url\"]');\n   linput.on(\"focus blur\", function(){\n                    $(this).closest(\".wpcf7-span\").toggleClass(\"is-focused\");\n                });\n            });\n        <\/script>\n\t\t<\/div>\n\t\t\t\t<\/div>\n\t\t\t\t\t\t<\/div>\n\t\t\t<\/div>\n\t\t<\/div>\n\t\t\t\t\t\t<\/div>\n\t\t\t<\/div>\n\t\t<\/section>\n\t\t\t\t\t\t<\/div>\n\t\t\t<\/div>\n\t\t<\/div>\n\t\t\t\t<div class=\"elementor-element elementor-element-3f0a0cb elementor-column elementor-col-33 elementor-top-column\" data-id=\"3f0a0cb\" data-element_type=\"column\">\n\t\t\t<div class=\"elementor-column-wrap  elementor-element-populated\">\n\t\t\t\t\t<div class=\"elementor-widget-wrap\">\n\t\t\t\t<div class=\"elementor-element elementor-element-193d607 elementor-widget elementor-widget-heading\" data-id=\"193d607\" data-element_type=\"widget\" data-widget_type=\"heading.default\">\n\t\t\t\t<div class=\"elementor-widget-container\">\n\t\t\t<h4 class=\"elementor-heading-title elementor-size-default\">RECRUTEMENT<\/h4>\t\t<\/div>\n\t\t\t\t<\/div>\n\t\t\t\t<div class=\"elementor-element elementor-element-ca0b36d elementor-widget elementor-widget-eael-adv-tabs\" data-id=\"ca0b36d\" data-element_type=\"widget\" data-widget_type=\"eael-adv-tabs.default\">\n\t\t\t\t<div class=\"elementor-widget-container\">\n\t\t\t\t<div id=\"eael-advance-tabs-ca0b36d\" class=\"eael-advance-tabs eael-tabs-horizontal\" data-tabid=\"ca0b36d\">\n  \t\t<div class=\"eael-tabs-nav\">\n\t\t  <ul class=\"\">\n\t    \t\t      \t\t<li class=\"\"> <span class=\"eael-tab-title\">Technicien itin\u00e9rant<\/span><\/li>\n\t      \t\t      \t\t<li class=\"inactive\"> <span class=\"eael-tab-title\">Commercial itn\u00e9rant <\/span><\/li>\n\t      \t    \t\t<\/ul>\n  \t\t<\/div>\n  \t\t<div class=\"eael-tabs-content\">\n  \t\t\t\t\t    \t\t\t<div class=\"clearfix \">\n\t\t      \t\t\t\t\t\t\t\t\t\t\t\t<p>Nous recherchons un\/une technicien(ne) de maintenance et d'installation de syst\u00e8me courant faible : alarme, vid\u00e9o protection, portique antivol et t\u00e9l\u00e9phonie sur les r\u00e9gions : <br \/><br \/>LORRAINE,<br \/>ALSACE, <br \/>PICARDIE-NORMANDIE, <br \/>CHAMPAGNE-ARDENNE,<br \/><br \/><\/p><p>Vous effectuerez l\u2019installation de nos solutions s\u00e9curitaires aupr\u00e8s d\u2019une client\u00e8le de professionnels. Vous sillonnerez votre belle r\u00e9gion \u00e0 la rencontre de \"vos clients\". Une fois form\u00e9 \u00e0 nos produits et nos m\u00e9thodes vous serez leur pr\u00e9cieux interlocuteur. <br \/><br \/>Vous \u00eates titulaire des habilitations \u00e9lectriques.<br \/>Le tirage de c\u00e2ble ne vous fait pas peur. Vous avez une formation en \u00e9lectricit\u00e9, \u00e9lectronique avec une exp\u00e9rience professionnel dans notre domaine d'activit\u00e9.<\/p><p>Le permis nacelle est souhait\u00e9 et vous \u00eates obligatoirement titulaire du permis B.<\/p><p><br \/><br \/>Apr\u00e8s votre p\u00e9riode d'int\u00e9gration vous prendrez votre autonomie : <br \/>Vous disposerez d'un v\u00e9hicule de service, d'un t\u00e9l\u00e9phone portable et d'un ordinateur portable.<br \/><br \/>Salaire fixe + heures suppl\u00e9mentaires + primes + frais et avantage.<br \/>Alors rejoignez notre \u00e9quipe de professionnels !<\/p>\t\t\t\t\t\t\t    \t\t\t<\/div>\n\t\t\t\t\t    \t\t\t<div class=\"clearfix inactive\">\n\t\t      \t\t\t\t\t\t\t\t\t\t\t\t<p>Nous recherchons des responsable commercial(e) sur les r\u00e9gions : ALSACE, PICARDIE-NORMANDIE, CHAMPAGNE-ARDENNE<\/p><p>Fort de son exp\u00e9rience dans la vente aux professionnels (B TO B, GSS ...) vous interviendrez en totale autonomie sur votre secteur g\u00e9ographique avec pour objectif de commercialiser nos gammes de produits de s\u00e9curit\u00e9 aupr\u00e8s des grandes surfaces sp\u00e9cialis\u00e9es, des industries et des PME\/PMI.<\/p><p>Vous aurez comme principales missions :<\/p><ul><li>De d\u00e9velopper votre portefeuille et de prospecter de nouveaux clients.<\/li><li>De marquer votre pr\u00e9sence sur le march\u00e9 en visitant sur le terrain vos clients.<\/li><li>De mettre en place les outils de reporting afin d'optimiser votre rendement.<\/li><li>De cr\u00e9er des op\u00e9rations commerciales afin de drainer de nouveaux march\u00e9s.<\/li><\/ul><p>De formation BAC+2 ou BAC sp\u00e9cialis\u00e9, vous justifiez d'une exp\u00e9rience de 2 ans minimum de la vente de services ou d'\u00e9quipements aupr\u00e8s des professionnels pr\u00e9cit\u00e9s.<\/p><p>Vous vous int\u00e9ressez aux nouvelles technologies et vous ma\u00eetrisez l'informatique.<\/p><p>Vous \u00eates un v\u00e9ritable chasseur, les challenges vous motivent !<\/p><p>Autonome, vous appr\u00e9cier de travailler en \u00e9quipe, notamment aupr\u00e8s des \u00e9quipes techniques avec qui vous serez en \u00e9troite collaboration.<\/p><p>Alors rejoignez notre \u00e9quipe de professionnels !<\/p><p>Apr\u00e8s une courte p\u00e9riode d'int\u00e9gration et de formation vous disposerez d'un v\u00e9hicule, d'un t\u00e9l\u00e9phone portable, d'un ordinateur portable.<\/p><p>Votre r\u00e9mun\u00e9ration comprendra un fixe + prime + commissions non plafonn\u00e9es + frais + avantage.<\/p>\t\t\t\t\t\t\t    \t\t\t<\/div>\n\t\t\t  \t\t<\/div>\n\t<\/div>\n\t\t\t<\/div>\n\t\t\t\t<\/div>\n\t\t\t\t\t\t<\/div>\n\t\t\t<\/div>\n\t\t<\/div>\n\t\t\t\t\t\t<\/div>\n\t\t\t<\/div>\n\t\t<\/section>\n\t\t\t\t\t\t<\/div>\n\t\t\t<\/div>\n\t\t<\/div>\n\t\t","protected":false},"excerpt":{"rendered":"<p>FORMULAIRE DE CONTACT Contactez-nous ! Votre adresse email : (obligatoire) Votre nom : (obligatoire) Sujet : Votre message : RECRUTEMENT Technicien itin\u00e9rant Commercial itn\u00e9rant Nous recherchons un\/une technicien(ne) de maintenance et d'installation de syst\u00e8me courant faible : alarme, vid\u00e9o protection, portique antivol et t\u00e9l\u00e9phonie sur les r\u00e9gions : LORRAINE,ALSACE, PICARDIE-NORMANDIE, CHAMPAGNE-ARDENNE, Vous effectuerez l\u2019installation de nos solutions s\u00e9curitaires aupr\u00e8s d\u2019une client\u00e8le de professionnels. Vous sillonnerez votre belle r\u00e9gion \u00e0 la rencontre de \"vos clients\". Une fois form\u00e9 \u00e0 nos produits et nos m\u00e9thodes vous serez\u2026<\/p>\n","protected":false},"author":1,"featured_media":0,"parent":0,"menu_order":0,"comment_status":"closed","ping_status":"closed","template":"","meta":[],"_links":{"self":[{"href":"http:\/\/ubiqsystem.fr\/accueil\/wp-json\/wp\/v2\/pages\/2287"}],"collection":[{"href":"http:\/\/ubiqsystem.fr\/accueil\/wp-json\/wp\/v2\/pages"}],"about":[{"href":"http:\/\/ubiqsystem.fr\/accueil\/wp-json\/wp\/v2\/types\/page"}],"author":[{"embeddable":true,"href":"http:\/\/ubiqsystem.fr\/accueil\/wp-json\/wp\/v2\/users\/1"}],"replies":[{"embeddable":true,"href":"http:\/\/ubiqsystem.fr\/accueil\/wp-json\/wp\/v2\/comments?post=2287"}],"version-history":[{"count":30,"href":"http:\/\/ubiqsystem.fr\/accueil\/wp-json\/wp\/v2\/pages\/2287\/revisions"}],"predecessor-version":[{"id":3222,"href":"http:\/\/ubiqsystem.fr\/accueil\/wp-json\/wp\/v2\/pages\/2287\/revisions\/3222"}],"wp:attachment":[{"href":"http:\/\/ubiqsystem.fr\/accueil\/wp-json\/wp\/v2\/media?parent=2287"}],"curies":[{"name":"wp","href":"https:\/\/api.w.org\/{rel}","templated":true}]}}